{"id":12,"date":"2021-12-26T22:06:32","date_gmt":"2021-12-26T22:06:32","guid":{"rendered":"https:\/\/www.folientechnik-fresh.de\/?page_id=12"},"modified":"2022-01-25T20:50:28","modified_gmt":"2022-01-25T20:50:28","slug":"schoene-portfolios-fuer-aussergewoehnliche-kreative","status":"publish","type":"page","link":"https:\/\/www.folientechnik-fresh.de\/","title":{"rendered":"Ihr Spezialist f\u00fcr Folien aller Art"},"content":{"rendered":"\t\t<div data-elementor-type=\"wp-page\" data-elementor-id=\"12\" class=\"elementor elementor-12\" data-elementor-settings=\"[]\">\n\t\t\t\t\t\t\t<div class=\"elementor-section-wrap\">\n\t\t\t\t\t\t\t<section class=\"elementor-section elementor-top-section elementor-element elementor-element-46f85b92 elementor-section-boxed elementor-section-height-default elementor-section-height-default\" data-id=\"46f85b92\" data-element_type=\"section\">\n\t\t\t\t\t\t<div class=\"elementor-container elementor-column-gap-default\">\n\t\t\t\t\t<div class=\"elementor-column elementor-col-100 elementor-top-column elementor-element elementor-element-6b83cf87\" data-id=\"6b83cf87\" data-element_type=\"column\">\n\t\t\t<div class=\"elementor-widget-wrap elementor-element-populated\">\n\t\t\t\t\t\t\t\t<div class=\"elementor-element elementor-element-431d78b elementor-widget elementor-widget-text-editor\" data-id=\"431d78b\" data-element_type=\"widget\" data-widget_type=\"text-editor.default\">\n\t\t\t\t<div class=\"elementor-widget-container\">\n\t\t\t<style>\/*! elementor - v3.5.4 - 23-01-2022 *\/\n.elementor-widget-text-editor.elementor-drop-cap-view-stacked .elementor-drop-cap{background-color:#818a91;color:#fff}.elementor-widget-text-editor.elementor-drop-cap-view-framed .elementor-drop-cap{color:#818a91;border:3px solid;background-color:transparent}.elementor-widget-text-editor:not(.elementor-drop-cap-view-default) .elementor-drop-cap{margin-top:8px}.elementor-widget-text-editor:not(.elementor-drop-cap-view-default) .elementor-drop-cap-letter{width:1em;height:1em}.elementor-widget-text-editor .elementor-drop-cap{float:left;text-align:center;line-height:1;font-size:50px}.elementor-widget-text-editor .elementor-drop-cap-letter{display:inline-block}<\/style>\t\t\t\t<p>\u00a0<\/p>\n<p><!-- wp:paragraph {\"align\":\"center\"} --><\/p>\n<p class=\"has-text-align-center\">Seit \u00fcber 15-Jahren bieten wir unseren Kunden alles rund um Folientechnik, Fahrzeugbeschriftung und Fahrzeugveredelung.<br \/>Wir arbeiten mit hochwertigen Materialien wie sie auch von f\u00fchrenden Automobilherstellern verarbeitet werden<\/p>\n<p><!-- \/wp:spacer --><\/p>\n<p><!-- wp:group {\"align\":\"full\",\"style\":{\"color\":{\"background\":\"#e5e9ec\"}}} --><\/p>\n<div class=\"wp-block-group alignfull has-background\" style=\"background-color: #e5e9ec;\">\n<div class=\"wp-block-group__inner-container\">\n<p><!-- wp:columns --><\/p>\n<div class=\"wp-block-columns\">\n<p><!-- wp:column {\"verticalAlignment\":\"center\"} --><\/p>\n<div class=\"wp-block-column is-vertically-aligned-center\">\n<p><!-- wp:heading --><\/p>\n<h2>Scheibent\u00f6nung &#8211; zum Schutz Ihrer Privatsph\u00e4re<\/h2>\n<p><!-- \/wp:heading --><\/p>\n<p><!-- wp:paragraph --><\/p>\n<p><strong>Wir verwenden ausschlie\u00dflich qualitativ hochwertige Folien,<\/strong> und halten gro\u00dfen Abstand von g\u00fcnstigen Folien aus Fernost! Profitieren auch Sie wie viele Autoh\u00e4user\/Kfz Werkst\u00e4tten in unsere Region von Unserer Qualit\u00e4t. Wir schneiden vor der Montage alle Folienteile auf einer CNC Maschine Millimeter genau vor. Somit werden die Folien nicht an Ihren Auto entlang geschnitten und die Gummidichtungen oder die Glasscheiben besch\u00e4digt \u2013 das Garantieren wir IHNEN!<\/p>\n<p>Aufgrund unserer langj\u00e4hrigen Erfahrung und Sauberkeit sind wir bei vielen <strong>Autoh\u00e4user\/Kfz Werkst\u00e4tten in der Region<\/strong> gew\u00fcnscht und vertr\u00e4ten.<\/p>\n<p><!-- \/wp:paragraph --><\/p>\n<p><!-- wp:buttons {\"contentJustification\":\"left\"} --><\/p>\n<div class=\"wp-block-buttons is-content-justification-left\">\n<p><!-- wp:button {\"borderRadius\":0,\"className\":\"is-style-outline\"} --><\/p>\n<div class=\"wp-block-button is-style-outline\"><a class=\"wp-block-button__link no-border-radius\" href=\"https:\/\/www.folientechnik-fresh.de\/?page_id=132\">Mehr Infos<\/a><\/div>\n<p><!-- \/wp:button --><\/p>\n<\/div>\n<p><!-- \/wp:buttons --><\/p>\n<p><!-- wp:paragraph --><\/p>\n<p>\u00a0<\/p>\n<p><!-- \/wp:paragraph --><\/p>\n<\/div>\n<p><!-- \/wp:column --><\/p>\n<p><!-- wp:column --><\/p>\n<div class=\"wp-block-column\">\n<p><!-- wp:spacer {\"height\":48} --><\/p>\n<div class=\"wp-block-spacer\" style=\"height: 48px;\" aria-hidden=\"true\">\u00a0<\/div>\n<p><!-- \/wp:spacer --><\/p>\n<p><!-- wp:image {\"id\":26,\"sizeSlug\":\"large\",\"linkDestination\":\"none\"} --><\/p>\n<figure class=\"wp-block-image size-large\"><img decoding=\"async\" class=\"alignnone wp-image-45 size-medium\" src=\"https:\/\/www.folientechnik-fresh.de\/wp-content\/uploads\/2021\/12\/Kleines_Fenster-scaled.jpg\" alt=\"\" \/><\/figure>\n<p><!-- \/wp:image --><\/p>\n<\/div>\n<p><!-- \/wp:column --><\/p>\n<\/div>\n<p><!-- \/wp:columns --><\/p>\n<\/div>\n<\/div>\n<p><!-- \/wp:group --><\/p>\n<p><!-- wp:group {\"align\":\"full\"} --><\/p>\n<div class=\"wp-block-group alignfull\">\n<div class=\"wp-block-group__inner-container\">\n<p><!-- wp:columns {\"verticalAlignment\":\"center\"} --><\/p>\n<div class=\"wp-block-columns are-vertically-aligned-center\">\n<p><!-- wp:column {\"verticalAlignment\":\"center\"} --><\/p>\n<div class=\"wp-block-column is-vertically-aligned-center\">\n<p><!-- wp:spacer {\"height\":48} --><\/p>\n<div class=\"wp-block-spacer\" style=\"height: 48px;\" aria-hidden=\"true\">\u00a0<\/div>\n<p><!-- \/wp:spacer --><\/p>\n<p><!-- wp:image {\"id\":27,\"sizeSlug\":\"large\",\"linkDestination\":\"none\"} --><\/p>\n<figure class=\"wp-block-image size-large\"><img decoding=\"async\" class=\"wp-image-27\" src=\"https:\/\/www.folientechnik-fresh.de\/wp-content\/uploads\/2021\/12\/Lackutz_motor-scaled.jpeg\" alt=\"\" \/><\/figure>\n<p><!-- \/wp:image --><\/p>\n<\/div>\n<p><!-- \/wp:column --><\/p>\n<p><!-- wp:column {\"verticalAlignment\":\"center\"} --><\/p>\n<div class=\"wp-block-column is-vertically-aligned-center\">\n<p><!-- wp:heading --><\/p>\n<h2>Lackschutzfolierung<\/h2>\n<p><!-- \/wp:heading --><\/p>\n<p><!-- wp:paragraph --><\/p>\n<p>Steinschlagschutzfolie ist eine transparente, klare thermoplastische Polyurethanfolie. Die Folie ist konstruiert, um Fahrzeugoberfl\u00e4chen gegen vielf\u00e4ltige Einfl\u00fcsse, zum Beispiel Steinsplitter, Stra\u00dfenschmutz, Insekten Flecken, kleine bis mittlere Kratzer, chemische Verschmutzungen und Witterungseinfl\u00fcsse zu sch\u00fctzen ohne eine Beeintr\u00e4chtigung der urspr\u00fcnglichen Lackfarbe.<\/p>\n<p><!-- \/wp:paragraph --><\/p>\n<p><!-- wp:buttons --><\/p>\n<div class=\"wp-block-buttons\">\n<p><!-- wp:button {\"borderRadius\":0,\"className\":\"is-style-outline\"} --><\/p>\n<div class=\"wp-block-button is-style-outline\"><a class=\"wp-block-button__link no-border-radius\" href=\"#\">Mehr Infos<\/a><\/div>\n<p><!-- \/wp:button --><\/p>\n<\/div>\n<p><!-- \/wp:buttons --><\/p>\n<\/div>\n<p><!-- \/wp:column --><\/p>\n<\/div>\n<p><!-- \/wp:columns --><\/p>\n<\/div>\n<\/div>\n<p><!-- \/wp:group --><\/p>\n<p><!-- wp:group {\"align\":\"full\",\"backgroundColor\":\"black\"} --><\/p>\n<div class=\"wp-block-group alignfull has-black-background-color has-background\">\n<div class=\"wp-block-group__inner-container\">\n<p><!-- wp:heading {\"textAlign\":\"center\",\"textColor\":\"white\"} --><\/p>\n<h2 class=\"has-text-align-center has-white-color has-text-color\"><strong>Gallery<\/strong><\/h2>\n<p><!-- \/wp:heading --><\/p>\n<p><!-- wp:gallery {\"ids\":[28,27,26,25,24,29],\"linkTo\":\"none\",\"align\":\"center\"} --><\/p>\n<figure class=\"wp-block-gallery aligncenter columns-3 is-cropped\">\n<ul class=\"blocks-gallery-grid\">\n<li class=\"blocks-gallery-item\">\n<figure><img decoding=\"async\" class=\"wp-image-28\" src=\"https:\/\/www.folientechnik-fresh.de\/wp-content\/uploads\/2021\/12\/Lackschutz-scaled.jpeg\" alt=\"\" data-id=\"28\" data-full-url=\"https:\/\/www.folientechnik-fresh.de\/wp-content\/uploads\/2021\/12\/Lackschutz-scaled.jpeg\" data-link=\"#\" \/><\/figure>\n<\/li>\n<li class=\"blocks-gallery-item\">\n<figure><img decoding=\"async\" class=\"wp-image-27\" src=\"https:\/\/www.folientechnik-fresh.de\/wp-content\/uploads\/2021\/12\/Lackutz_motor-scaled.jpeg\" alt=\"\" data-id=\"27\" data-full-url=\"https:\/\/www.folientechnik-fresh.de\/wp-content\/uploads\/2021\/12\/Lackutz_motor-scaled.jpeg\" data-link=\"#\" \/><\/figure>\n<\/li>\n<li class=\"blocks-gallery-item\">\n<figure><img decoding=\"async\" class=\"wp-image-26\" src=\"https:\/\/www.folientechnik-fresh.de\/wp-content\/uploads\/2021\/12\/Heckscheibe-scaled.jpeg\" alt=\"\" data-id=\"26\" data-full-url=\"https:\/\/www.folientechnik-fresh.de\/wp-content\/uploads\/2021\/12\/Heckscheibe-scaled.jpeg\" data-link=\"#\" \/><\/figure>\n<\/li>\n<li class=\"blocks-gallery-item\">\n<figure><img decoding=\"async\" class=\"wp-image-25\" src=\"https:\/\/www.folientechnik-fresh.de\/wp-content\/uploads\/2021\/12\/Kleines_Fenster-scaled.jpg\" alt=\"\" data-id=\"25\" data-full-url=\"https:\/\/www.folientechnik-fresh.de\/wp-content\/uploads\/2021\/12\/Kleines_Fenster-scaled.jpg\" data-link=\"#\" \/><\/figure>\n<\/li>\n<li class=\"blocks-gallery-item\">\n<figure><img decoding=\"async\" class=\"wp-image-24\" src=\"https:\/\/www.folientechnik-fresh.de\/wp-content\/uploads\/2021\/12\/Toenung_Seite-scaled.jpeg\" alt=\"\" data-id=\"24\" data-full-url=\"https:\/\/www.folientechnik-fresh.de\/wp-content\/uploads\/2021\/12\/Toenung_Seite-scaled.jpeg\" data-link=\"#\" \/><\/figure>\n<\/li>\n<li class=\"blocks-gallery-item\">\n<figure><img decoding=\"async\" class=\"wp-image-29\" src=\"https:\/\/www.folientechnik-fresh.de\/wp-content\/uploads\/2021\/12\/Heckklappe-scaled.jpeg\" alt=\"\" data-id=\"29\" data-full-url=\"https:\/\/www.folientechnik-fresh.de\/wp-content\/uploads\/2021\/12\/Heckklappe-scaled.jpeg\" data-link=\"#\" \/><\/figure>\n<\/li>\n<\/ul>\n<\/figure>\n<p><!-- \/wp:gallery --><\/p>\n<\/div>\n<\/div>\n<p><!-- \/wp:group --><\/p>\n<p><!-- wp:cover {\"url\":\"https:\/\/www.folientechnik-fresh.de\/wp-content\/uploads\/2021\/12\/01.png\",\"id\":24,\"hasParallax\":true,\"dimRatio\":40,\"overlayColor\":\"black\",\"minHeight\":375,\"minHeightUnit\":\"px\",\"contentPosition\":\"center center\",\"align\":\"full\",\"className\":\"is-position-center-center\"} --><\/p>\n<div class=\"wp-block-cover alignfull has-background-dim-40 has-black-background-color has-background-dim has-parallax is-position-center-center\" style=\"background-image: url('https:\/\/www.folientechnik-fresh.de\/wp-content\/uploads\/2021\/12\/01.png'); min-height: 375px;\">\n<div class=\"wp-block-cover__inner-container\">\n<p><!-- wp:paragraph {\"align\":\"center\",\"placeholder\":\"Write title\u2026\",\"style\":{\"typography\":{\"lineHeight\":\"1.1\"},\"color\":{\"text\":\"#fffffa\"}},\"fontSize\":\"huge\"} --><\/p>\n<p class=\"has-text-align-center has-text-color has-huge-font-size\" style=\"color: #fffffa; line-height: 1.1;\"><strong>Brauchen Sie mehr informationen? <\/strong><\/p>\n<p><!-- \/wp:paragraph --><\/p>\n<p><!-- wp:paragraph {\"align\":\"center\"} --><\/p>\n<p class=\"has-text-align-center\">Dann schreiben Sie oder rufen Sie uns doch gleich an&#8230;<\/p>\n<p><!-- \/wp:paragraph --><\/p>\n<p><!-- wp:spacer {\"height\":39} --><\/p>\n<div class=\"wp-block-spacer\" style=\"height: 39px;\" aria-hidden=\"true\">\u00a0<\/div>\n<p><!-- \/wp:spacer --><\/p>\n<p><!-- wp:buttons {\"contentJustification\":\"center\"} --><\/p>\n<div class=\"wp-block-buttons is-content-justification-center\">\n<p><!-- wp:button {\"borderRadius\":0,\"textColor\":\"white\",\"className\":\"is-style-outline\"} --><\/p>\n<div class=\"wp-block-button is-style-outline\"><a class=\"wp-block-button__link has-white-color has-text-color no-border-radius\" href=\"https:\/\/www.folientechnik-fresh.de\/?page_id=14\">Kontaktieren<\/a><\/div>\n<p><!-- \/wp:button --><\/p>\n<\/div>\n<p><!-- \/wp:buttons --><\/p>\n<\/div>\n<\/div>\n<p><!-- \/wp:cover --><\/p>\t\t\t\t\t\t<\/div>\n\t\t\t\t<\/div>\n\t\t\t\t\t<\/div>\n\t\t<\/div>\n\t\t\t\t\t\t\t<\/div>\n\t\t<\/section>\n\t\t\t\t\t\t<\/div>\n\t\t\t\t\t<\/div>\n\t\t","protected":false},"excerpt":{"rendered":"<p>\u00a0 Seit \u00fcber 15-Jahren bieten wir unseren Kunden alles rund um Folientechnik, Fahrzeugbeschriftung und Fahrzeugveredelung.Wir arbeiten mit hochwertigen Materialien wie sie auch von f\u00fchrenden Automobilherstellern verarbeitet werden Scheibent\u00f6nung &#8211; zum Schutz Ihrer Privatsph\u00e4re Wir verwenden ausschlie\u00dflich qualitativ hochwertige Folien, und halten gro\u00dfen Abstand von g\u00fcnstigen Folien aus Fernost! Profitieren auch Sie wie viele Autoh\u00e4user\/Kfz Werkst\u00e4tten &hellip; <\/p>\n<p class=\"link-more\"><a href=\"https:\/\/www.folientechnik-fresh.de\/\" class=\"more-link\">Mehr <span class=\"screen-reader-text\">\u00fcber &#8222;Ihr Spezialist f\u00fcr Folien aller Art&#8220; <\/span>Lesen<\/a><\/p>\n","protected":false},"author":2,"featured_media":11,"parent":0,"menu_order":0,"comment_status":"closed","ping_status":"closed","template":"","meta":{"_mi_skip_tracking":false,"footnotes":""},"class_list":["post-12","page","type-page","status-publish","has-post-thumbnail","hentry"],"_links":{"self":[{"href":"https:\/\/www.folientechnik-fresh.de\/index.php?rest_route=\/wp\/v2\/pages\/12","targetHints":{"allow":["GET"]}}],"collection":[{"href":"https:\/\/www.folientechnik-fresh.de\/index.php?rest_route=\/wp\/v2\/pages"}],"about":[{"href":"https:\/\/www.folientechnik-fresh.de\/index.php?rest_route=\/wp\/v2\/types\/page"}],"author":[{"embeddable":true,"href":"https:\/\/www.folientechnik-fresh.de\/index.php?rest_route=\/wp\/v2\/users\/2"}],"replies":[{"embeddable":true,"href":"https:\/\/www.folientechnik-fresh.de\/index.php?rest_route=%2Fwp%2Fv2%2Fcomments&post=12"}],"version-history":[{"count":62,"href":"https:\/\/www.folientechnik-fresh.de\/index.php?rest_route=\/wp\/v2\/pages\/12\/revisions"}],"predecessor-version":[{"id":287,"href":"https:\/\/www.folientechnik-fresh.de\/index.php?rest_route=\/wp\/v2\/pages\/12\/revisions\/287"}],"wp:featuredmedia":[{"embeddable":true,"href":"https:\/\/www.folientechnik-fresh.de\/index.php?rest_route=\/wp\/v2\/media\/11"}],"wp:attachment":[{"href":"https:\/\/www.folientechnik-fresh.de\/index.php?rest_route=%2Fwp%2Fv2%2Fmedia&parent=12"}],"curies":[{"name":"wp","href":"https:\/\/api.w.org\/{rel}","templated":true}]}}